{"id":8,"date":"2023-02-23T18:25:04","date_gmt":"2023-02-23T18:25:04","guid":{"rendered":"http:\/\/www.bekatex.com.tr\/?page_id=8"},"modified":"2025-03-08T20:08:41","modified_gmt":"2025-03-08T20:08:41","slug":"bize-ulasin","status":"publish","type":"page","link":"https:\/\/www.bekatex.com.tr\/index.php\/bize-ulasin\/","title":{"rendered":"CONTACT US"},"content":{"rendered":"\n<p><strong>BEKATEX G\u0130Y\u0130M SANAY\u0130 VE \u0130THALAT \u0130HRACAT LTD. \u015eT\u0130.<\/strong><\/p>\n\n\n\n<p>Ba\u011flar Mahallesi Osmanpa\u015fa Caddesi Komboy \u0130\u015f Merkezi<\/p>\n\n\n\n<p>No: 47 \u0130\u00e7 Kap\u0131 No: 21 Ba\u011fc\u0131lar 34209<\/p>\n\n\n\n<p>\u0130stanbul- Turkey<\/p>\n\n\n\n<p><strong>Phone :<\/strong> +90 533 245 85 74<\/p>\n\n\n\n<p><strong>Email :<\/strong> info@bekatex.com.tr<\/p>\n\n\n\n<figure class=\"wp-block-image size-full\"><img loading=\"lazy\" decoding=\"async\" width=\"870\" height=\"580\" src=\"http:\/\/www.bekatex.com.tr\/wp-content\/uploads\/2023\/02\/contact-us.jpg\" alt=\"\" class=\"wp-image-39\" srcset=\"https:\/\/www.bekatex.com.tr\/wp-content\/uploads\/2023\/02\/contact-us.jpg 870w, https:\/\/www.bekatex.com.tr\/wp-content\/uploads\/2023\/02\/contact-us-300x200.jpg 300w, https:\/\/www.bekatex.com.tr\/wp-content\/uploads\/2023\/02\/contact-us-768x512.jpg 768w\" sizes=\"auto, (max-width: 870px) 100vw, 870px\" \/><\/figure>\n","protected":false},"excerpt":{"rendered":"<p>BEKATEX G\u0130Y\u0130M SANAY\u0130 VE \u0130THALAT \u0130HRACAT LTD. \u015eT\u0130. Ba\u011flar Mahallesi Osmanpa\u015fa Caddesi Komboy \u0130\u015f Merkezi No: 47 \u0130\u00e7 Kap\u0131 No: 21 Ba\u011fc\u0131lar 34209 \u0130stanbul- Turkey Phone : +90 533 245 85 74 Email : info@bekatex.com.tr<\/p>\n","protected":false},"author":1,"featured_media":0,"parent":0,"menu_order":0,"comment_status":"closed","ping_status":"closed","template":"","meta":{"_inspiro_hide_title":false,"footnotes":""},"class_list":["post-8","page","type-page","status-publish","hentry"],"_links":{"self":[{"href":"https:\/\/www.bekatex.com.tr\/index.php\/wp-json\/wp\/v2\/pages\/8","targetHints":{"allow":["GET"]}}],"collection":[{"href":"https:\/\/www.bekatex.com.tr\/index.php\/wp-json\/wp\/v2\/pages"}],"about":[{"href":"https:\/\/www.bekatex.com.tr\/index.php\/wp-json\/wp\/v2\/types\/page"}],"author":[{"embeddable":true,"href":"https:\/\/www.bekatex.com.tr\/index.php\/wp-json\/wp\/v2\/users\/1"}],"replies":[{"embeddable":true,"href":"https:\/\/www.bekatex.com.tr\/index.php\/wp-json\/wp\/v2\/comments?post=8"}],"version-history":[{"count":5,"href":"https:\/\/www.bekatex.com.tr\/index.php\/wp-json\/wp\/v2\/pages\/8\/revisions"}],"predecessor-version":[{"id":117,"href":"https:\/\/www.bekatex.com.tr\/index.php\/wp-json\/wp\/v2\/pages\/8\/revisions\/117"}],"wp:attachment":[{"href":"https:\/\/www.bekatex.com.tr\/index.php\/wp-json\/wp\/v2\/media?parent=8"}],"curies":[{"name":"wp","href":"https:\/\/api.w.org\/{rel}","templated":true}]}}